{"id":10,"date":"2013-05-08T22:24:21","date_gmt":"2013-05-08T22:24:21","guid":{"rendered":"http:\/\/lojapiratininga.com.br\/?page_id=10"},"modified":"2023-06-23T20:08:29","modified_gmt":"2023-06-23T23:08:29","slug":"as-partes-que-compoem-o-todo","status":"publish","type":"page","link":"https:\/\/lojapiratininga.com.br\/","title":{"rendered":"Home"},"content":{"rendered":"\t\t<div data-elementor-type=\"wp-page\" data-elementor-id=\"10\" class=\"elementor elementor-10\">\n\t\t\t\t\t\t\t\t\t<section class=\"elementor-section elementor-top-section elementor-element elementor-element-bb3d414 elementor-section-boxed elementor-section-height-default elementor-section-height-default\" data-id=\"bb3d414\" data-element_type=\"section\">\n\t\t\t\t\t\t<div class=\"elementor-container elementor-column-gap-default\">\n\t\t\t\t\t<div class=\"elementor-column elementor-col-100 elementor-top-column elementor-element elementor-element-8ebb114\" data-id=\"8ebb114\" data-element_type=\"column\">\n\t\t\t<div class=\"elementor-widget-wrap elementor-element-populated\">\n\t\t\t\t\t\t\t\t<div class=\"elementor-element elementor-element-28149dc elementor-widget elementor-widget-prime-slider-general\" data-id=\"28149dc\" data-element_type=\"widget\" data-widget_type=\"prime-slider-general.default\">\n\t\t\t\t<div class=\"elementor-widget-container\">\n\t\t\t\t\t<div class=\"bdt-prime-slider\">\n\t\t\t<div class=\"bdt-prime-slider-skin-general\">\n\t\t\t\t<div class=\"bdt-position-relative bdt-visible-toggle\" bdt-slideshow=\"{&quot;animation&quot;:&quot;fade&quot;,&quot;ratio&quot;:&quot;16:9&quot;,&quot;min-height&quot;:480,&quot;autoplay&quot;:true,&quot;autoplay-interval&quot;:7000,&quot;pause-on-hover&quot;:false,&quot;velocity&quot;:1,&quot;finite&quot;:false}\" data-settings=\"{&quot;id&quot;:&quot;#bdt-28149dc&quot;,&quot;animation_status&quot;:&quot;no&quot;}\" id=\"bdt-28149dc\">\n\t\t\t\t\t<ul class=\"bdt-slideshow-items\">\n\t\t\t\t\t\n\t\t\t<li class=\"bdt-slideshow-item bdt-flex bdt-flex-middle bdt-flex-center elementor-repeater-item-18fa11e\">\n\t\t\t\t\n\t\t\t\t\t\t\t\t\t\t\t\n\t\t<div class=\"bdt-ps-slide-img\" style=\"background-image: url('https:\/\/lojapiratininga.com.br\/wp-content\/uploads\/2022\/12\/templo.jpg')\"><\/div>\n\n\t\t\t\t\t\t\n\t\t\t\t\t\n\t\t\t\t\n\t\t\t\t\t\t<div class=\"bdt-position-z-index bdt-position-large\">\n\t\t\t<div class=\"bdt-prime-slider-wrapper\">\n\t\t\t\t<div class=\"bdt-prime-slider-content\">\n\t\t\t\t\t<div class=\"bdt-prime-slider-desc\">\n\n\t\t\t\t\t\t\n\t\t\t\t\t\t\n\t\t\t\t\t\t\n\t\t\t\t\t\t<div data-bdt-slideshow-parallax=\"x: 150,0,-30; opacity: 1,1,0\">\n\t\t\t\t\t\t\t<div class=\"bdt-btn-wrapper\">\n\t\t\t\t\t\t\t\t\n\t\t\t\t\t\t\t\t\t<\/div>\n\t\t\t\t\t\t<\/div>\n\t\t\t\t\t<\/div>\n\n\t\t\t\t\t\n\t\t\t\t<\/div>\n\t\t\t<\/div>\n\t\t<\/div>\n\t\t\t\t\t<\/li>\n\n\n\t\t\t\t\t<\/ul>\n\t\t\t\t\t\n\t\t\n\t\t\t\t\t\t\n\t\t\n\t\t\t\t\t<\/div>\n\t\t\t\t\t\t\t\t\t\t\t<\/div>\n\t\t<\/div>\n\t\t\t<\/div>\n\t\t\t\t<\/div>\n\t\t\t\t\t<\/div>\n\t\t<\/div>\n\t\t\t\t\t\t\t<\/div>\n\t\t<\/section>\n\t\t\t\t<section class=\"elementor-section elementor-top-section elementor-element elementor-element-5f10223 elementor-section-boxed elementor-section-height-default elementor-section-height-default\" data-id=\"5f10223\" data-element_type=\"section\">\n\t\t\t\t\t\t<div class=\"elementor-container elementor-column-gap-default\">\n\t\t\t\t\t<div class=\"elementor-column elementor-col-66 elementor-top-column elementor-element elementor-element-d250fcf\" data-id=\"d250fcf\" data-element_type=\"column\">\n\t\t\t<div class=\"elementor-widget-wrap elementor-element-populated\">\n\t\t\t\t\t\t\t\t<section class=\"elementor-section elementor-inner-section elementor-element elementor-element-ddbc50a elementor-section-boxed elementor-section-height-default elementor-section-height-default\" data-id=\"ddbc50a\" data-element_type=\"section\">\n\t\t\t\t\t\t<div class=\"elementor-container elementor-column-gap-default\">\n\t\t\t\t\t<div class=\"elementor-column elementor-col-50 elementor-inner-column elementor-element elementor-element-35e0787\" data-id=\"35e0787\" data-element_type=\"column\">\n\t\t\t<div class=\"elementor-widget-wrap elementor-element-populated\">\n\t\t\t\t\t\t\t\t<div class=\"elementor-element elementor-element-4bd5754 elementor-widget elementor-widget-image\" data-id=\"4bd5754\" data-element_type=\"widget\" data-widget_type=\"image.default\">\n\t\t\t\t<div class=\"elementor-widget-container\">\n\t\t\t<style>\/*! elementor - v3.9.0 - 06-12-2022 *\/\n.elementor-widget-image{text-align:center}.elementor-widget-image a{display:inline-block}.elementor-widget-image a img[src$=\".svg\"]{width:48px}.elementor-widget-image img{vertical-align:middle;display:inline-block}<\/style>\t\t\t\t\t\t\t\t\t\t\t\t\t<a href=\"http:\/\/lojapiratininga.com\/?p=80\">\n\t\t\t\t\t\t\t<img decoding=\"async\" src=\"https:\/\/lojapiratininga.com.br\/wp-content\/uploads\/elementor\/thumbs\/Tolosa-Foto-q8elxzjeqd1emz5cka389tq0wbv3gtjul8lwy5zq9a.jpg\" title=\"Tolosa-Foto\" alt=\"Tolosa-Foto\" \/>\t\t\t\t\t\t\t\t<\/a>\n\t\t\t\t\t\t\t\t\t\t\t\t\t\t\t<\/div>\n\t\t\t\t<\/div>\n\t\t\t\t<div class=\"elementor-element elementor-element-7049281 elementor-widget elementor-widget-heading\" data-id=\"7049281\" data-element_type=\"widget\" data-widget_type=\"heading.default\">\n\t\t\t\t<div class=\"elementor-widget-container\">\n\t\t\t<style>\/*! elementor - v3.9.0 - 06-12-2022 *\/\n.elementor-heading-title{padding:0;margin:0;line-height:1}.elementor-widget-heading .elementor-heading-title[class*=elementor-size-]>a{color:inherit;font-size:inherit;line-height:inherit}.elementor-widget-heading .elementor-heading-title.elementor-size-small{font-size:15px}.elementor-widget-heading .elementor-heading-title.elementor-size-medium{font-size:19px}.elementor-widget-heading .elementor-heading-title.elementor-size-large{font-size:29px}.elementor-widget-heading .elementor-heading-title.elementor-size-xl{font-size:39px}.elementor-widget-heading .elementor-heading-title.elementor-size-xxl{font-size:59px}<\/style><h2 class=\"elementor-heading-title elementor-size-default\"><a href=\"http:\/\/lojapiratininga.com\/?p=80\" title=\"Tolosa \u2013 Sa\u00fade, For\u00e7a e Uni\u00e3o para a Ma\u00e7onaria Paulista\" style=\"font-family: &quot;lucida grande&quot;, &quot;lucida sans unicode&quot;, tahoma, verdana, arial, sans-serif; font-size: 12px; font-weight: 400; white-space: normal; font-style: inherit; margin: 0px; padding: 0px; border: 0px; outline: 0px; text-decoration-line: underline; color: rgb(0, 0, 0);\">Tolosa \u2013 Sa\u00fade, For\u00e7a e Uni\u00e3o para a Ma\u00e7onaria Paulista<\/a><\/h2>\t\t<\/div>\n\t\t\t\t<\/div>\n\t\t\t\t<div class=\"elementor-element elementor-element-0eaf346 elementor-widget elementor-widget-text-editor\" data-id=\"0eaf346\" data-element_type=\"widget\" data-widget_type=\"text-editor.default\">\n\t\t\t\t<div class=\"elementor-widget-container\">\n\t\t\t<style>\/*! elementor - v3.9.0 - 06-12-2022 *\/\n.elementor-widget-text-editor.elementor-drop-cap-view-stacked .elementor-drop-cap{background-color:#818a91;color:#fff}.elementor-widget-text-editor.elementor-drop-cap-view-framed .elementor-drop-cap{color:#818a91;border:3px solid;background-color:transparent}.elementor-widget-text-editor:not(.elementor-drop-cap-view-default) .elementor-drop-cap{margin-top:8px}.elementor-widget-text-editor:not(.elementor-drop-cap-view-default) .elementor-drop-cap-letter{width:1em;height:1em}.elementor-widget-text-editor .elementor-drop-cap{float:left;text-align:center;line-height:1;font-size:50px}.elementor-widget-text-editor .elementor-drop-cap-letter{display:inline-block}<\/style>\t\t\t\t<p><span style=\"color: #000000; font-family: 'lucida grande', 'lucida sans unicode', tahoma, verdana, arial, sans-serif; font-size: 12px; background-color: #ffffff;\">Benedito Pinheiro Machado Tolosa nasceu em Botucatu, SP, em 12 de novembro de 1895. J\u00e1 em 1921, Tolosa formou-se em Medicina pela USP, tornando-se Prof. de Medicina e Obstetr\u00edcia renomado entre a comunidade&#8230;<\/span><\/p>\t\t\t\t\t\t<\/div>\n\t\t\t\t<\/div>\n\t\t\t\t\t<\/div>\n\t\t<\/div>\n\t\t\t\t<div class=\"elementor-column elementor-col-50 elementor-inner-column elementor-element elementor-element-1dd0eac\" data-id=\"1dd0eac\" data-element_type=\"column\">\n\t\t\t<div class=\"elementor-widget-wrap elementor-element-populated\">\n\t\t\t\t\t\t\t\t<div class=\"elementor-element elementor-element-3631f24 elementor-widget elementor-widget-image\" data-id=\"3631f24\" data-element_type=\"widget\" data-widget_type=\"image.default\">\n\t\t\t\t<div class=\"elementor-widget-container\">\n\t\t\t\t\t\t\t\t\t\t\t\t\t\t\t\t<a href=\"http:\/\/lojapiratininga.com\/?p=78\">\n\t\t\t\t\t\t\t<img loading=\"lazy\" decoding=\"async\" width=\"295\" height=\"235\" src=\"https:\/\/lojapiratininga.com.br\/wp-content\/uploads\/2023\/06\/Fraterindade-Feminina-Piratininga-Foto-1-e1687560761791.jpg\" class=\"attachment-full size-full wp-image-423\" alt=\"\" \/>\t\t\t\t\t\t\t\t<\/a>\n\t\t\t\t\t\t\t\t\t\t\t\t\t\t\t<\/div>\n\t\t\t\t<\/div>\n\t\t\t\t<div class=\"elementor-element elementor-element-c7f603d elementor-widget elementor-widget-heading\" data-id=\"c7f603d\" data-element_type=\"widget\" data-widget_type=\"heading.default\">\n\t\t\t\t<div class=\"elementor-widget-container\">\n\t\t\t<h2 class=\"elementor-heading-title elementor-size-default\"><a href=\"http:\/\/lojapiratininga.com\/?p=78\" title=\"Fraternidade Feminina Cruzeiro do Sul da Loja Piratininga\" style=\"font-family: &quot;lucida grande&quot;, &quot;lucida sans unicode&quot;, tahoma, verdana, arial, sans-serif; font-size: 12px; font-weight: 400; white-space: normal; font-style: inherit; margin: 0px; padding: 0px; border: 0px; outline: 0px; text-decoration-line: underline; color: rgb(0, 0, 0);\">Fraternidade Feminina Cruzeiro do Sul da Loja Piratininga<\/a>\n<\/h2>\t\t<\/div>\n\t\t\t\t<\/div>\n\t\t\t\t<div class=\"elementor-element elementor-element-8680f2e elementor-widget elementor-widget-text-editor\" data-id=\"8680f2e\" data-element_type=\"widget\" data-widget_type=\"text-editor.default\">\n\t\t\t\t<div class=\"elementor-widget-container\">\n\t\t\t\t\t\t\t<p><span style=\"color: #000000; font-family: 'lucida grande', 'lucida sans unicode', tahoma, verdana, arial, sans-serif; font-size: 12px; background-color: #ffffff;\">Aos 11 de outubro de 1995, foi fundada a Fraternidade Feminina Cruzeiro do Sul da Loja Piratininga. Essa iniciativa possibilitou excelente integra\u00e7\u00e3o entre nossas cunhadas, que se encontravam anteriormente&#8230;<\/span><\/p>\t\t\t\t\t\t<\/div>\n\t\t\t\t<\/div>\n\t\t\t\t\t<\/div>\n\t\t<\/div>\n\t\t\t\t\t\t\t<\/div>\n\t\t<\/section>\n\t\t\t\t\t<\/div>\n\t\t<\/div>\n\t\t\t\t<div class=\"elementor-column elementor-col-33 elementor-top-column elementor-element elementor-element-b74251e\" data-id=\"b74251e\" data-element_type=\"column\">\n\t\t\t<div class=\"elementor-widget-wrap elementor-element-populated\">\n\t\t\t\t\t\t\t\t<div class=\"elementor-element elementor-element-f263b98 elementor-widget elementor-widget-image\" data-id=\"f263b98\" data-element_type=\"widget\" data-widget_type=\"image.default\">\n\t\t\t\t<div class=\"elementor-widget-container\">\n\t\t\t\t\t\t\t\t\t\t\t\t\t\t\t\t<a href=\"https:\/\/www.gob.org.br\/\">\n\t\t\t\t\t\t\t<img decoding=\"async\" src=\"http:\/\/lojapiratininga.com.br\/wp-content\/uploads\/2013\/09\/LOGO-GOB.gif\" title=\"\" alt=\"\" \/>\t\t\t\t\t\t\t\t<\/a>\n\t\t\t\t\t\t\t\t\t\t\t\t\t\t\t<\/div>\n\t\t\t\t<\/div>\n\t\t\t\t<div class=\"elementor-element elementor-element-53e46b1 elementor-widget elementor-widget-spacer\" data-id=\"53e46b1\" data-element_type=\"widget\" data-widget_type=\"spacer.default\">\n\t\t\t\t<div class=\"elementor-widget-container\">\n\t\t\t<style>\/*! elementor - v3.9.0 - 06-12-2022 *\/\n.elementor-column .elementor-spacer-inner{height:var(--spacer-size)}.e-con{--container-widget-width:100%}.e-con-inner>.elementor-widget-spacer,.e-con>.elementor-widget-spacer{width:var(--container-widget-width,var(--spacer-size));--align-self:var(--container-widget-align-self,initial);--flex-shrink:0}.e-con-inner>.elementor-widget-spacer>.elementor-widget-container,.e-con-inner>.elementor-widget-spacer>.elementor-widget-container>.elementor-spacer,.e-con>.elementor-widget-spacer>.elementor-widget-container,.e-con>.elementor-widget-spacer>.elementor-widget-container>.elementor-spacer{height:100%}.e-con-inner>.elementor-widget-spacer>.elementor-widget-container>.elementor-spacer>.elementor-spacer-inner,.e-con>.elementor-widget-spacer>.elementor-widget-container>.elementor-spacer>.elementor-spacer-inner{height:var(--container-widget-height,var(--spacer-size))}<\/style>\t\t<div class=\"elementor-spacer\">\n\t\t\t<div class=\"elementor-spacer-inner\"><\/div>\n\t\t<\/div>\n\t\t\t\t<\/div>\n\t\t\t\t<\/div>\n\t\t\t\t<div class=\"elementor-element elementor-element-50bb4e2 elementor-widget elementor-widget-image\" data-id=\"50bb4e2\" data-element_type=\"widget\" data-widget_type=\"image.default\">\n\t\t\t\t<div class=\"elementor-widget-container\">\n\t\t\t\t\t\t\t\t\t\t\t\t\t\t\t\t<a href=\"https:\/\/gobsp.org\/\">\n\t\t\t\t\t\t\t<img loading=\"lazy\" decoding=\"async\" width=\"250\" height=\"105\" src=\"https:\/\/lojapiratininga.com.br\/wp-content\/uploads\/2022\/12\/GOBSP-BANNER.fw_.png\" class=\"attachment-large size-large wp-image-412\" alt=\"\" \/>\t\t\t\t\t\t\t\t<\/a>\n\t\t\t\t\t\t\t\t\t\t\t\t\t\t\t<\/div>\n\t\t\t\t<\/div>\n\t\t\t\t\t<\/div>\n\t\t<\/div>\n\t\t\t\t\t\t\t<\/div>\n\t\t<\/section>\n\t\t\t\t\t\t\t<\/div>\n\t\t","protected":false},"excerpt":{"rendered":"<p>Tolosa \u2013 Sa\u00fade, For\u00e7a e Uni\u00e3o para a Ma\u00e7onaria Paulista Benedito Pinheiro Machado Tolosa nasceu em Botucatu, SP, em 12 de novembro de 1895. J\u00e1 em 1921, Tolosa formou-se em Medicina pela USP, tornando-se Prof. de Medicina e Obstetr\u00edcia renomado entre a comunidade&#8230; Fraternidade Feminina Cruzeiro do Sul da Loja Piratininga Aos 11 de outubro &#8230; <a title=\"Home\" class=\"read-more\" href=\"https:\/\/lojapiratininga.com.br\/\" aria-label=\"More on Home\">Ler mais<\/a><\/p>\n","protected":false},"author":1,"featured_media":0,"parent":0,"menu_order":0,"comment_status":"open","ping_status":"open","template":"elementor_header_footer","meta":{"footnotes":""},"class_list":["post-10","page","type-page","status-publish"],"_links":{"self":[{"href":"https:\/\/lojapiratininga.com.br\/index.php?rest_route=\/wp\/v2\/pages\/10","targetHints":{"allow":["GET"]}}],"collection":[{"href":"https:\/\/lojapiratininga.com.br\/index.php?rest_route=\/wp\/v2\/pages"}],"about":[{"href":"https:\/\/lojapiratininga.com.br\/index.php?rest_route=\/wp\/v2\/types\/page"}],"author":[{"embeddable":true,"href":"https:\/\/lojapiratininga.com.br\/index.php?rest_route=\/wp\/v2\/users\/1"}],"replies":[{"embeddable":true,"href":"https:\/\/lojapiratininga.com.br\/index.php?rest_route=%2Fwp%2Fv2%2Fcomments&post=10"}],"version-history":[{"count":61,"href":"https:\/\/lojapiratininga.com.br\/index.php?rest_route=\/wp\/v2\/pages\/10\/revisions"}],"predecessor-version":[{"id":467,"href":"https:\/\/lojapiratininga.com.br\/index.php?rest_route=\/wp\/v2\/pages\/10\/revisions\/467"}],"wp:attachment":[{"href":"https:\/\/lojapiratininga.com.br\/index.php?rest_route=%2Fwp%2Fv2%2Fmedia&parent=10"}],"curies":[{"name":"wp","href":"https:\/\/api.w.org\/{rel}","templated":true}]}}